{"id":2139,"date":"2023-05-25T21:26:43","date_gmt":"2023-05-25T21:26:43","guid":{"rendered":"https:\/\/www.grupopublimagen.com\/producto\/uncategorized\/illuminated-wood-metal-label\/"},"modified":"2023-05-25T21:26:43","modified_gmt":"2023-05-25T21:26:43","slug":"illuminated-wood-metal-label","status":"publish","type":"product","link":"https:\/\/www.grupopublimagen.com\/en\/producto\/signs\/indoor-signs\/illuminated-wood-metal-label\/","title":{"rendered":"Illuminated wood metal label"},"content":{"rendered":"","protected":false},"excerpt":{"rendered":"<p><span data-sheets-value=\"{\"1\":2,\"2\":\"Estructura met\u00e1lica con madera y elementos termoformados con sistema de iluminaci\u00f3n LED. Impresi\u00f3n full color con protecci\u00f3n UV\"}\" data-sheets-userformat=\"{\"2\":769,\"3\":{\"1\":0},\"11\":4,\"12\":0}\">Metal structure with wood and thermoforming elements with LED lighting system. Full color printing with UV protection<\/span><\/p>\n","protected":false},"featured_media":2134,"comment_status":"open","ping_status":"closed","template":"","meta":[],"product_cat":[92,78],"product_tag":[],"_links":{"self":[{"href":"https:\/\/www.grupopublimagen.com\/en\/wp-json\/wp\/v2\/product\/2139"}],"collection":[{"href":"https:\/\/www.grupopublimagen.com\/en\/wp-json\/wp\/v2\/product"}],"about":[{"href":"https:\/\/www.grupopublimagen.com\/en\/wp-json\/wp\/v2\/types\/product"}],"replies":[{"embeddable":true,"href":"https:\/\/www.grupopublimagen.com\/en\/wp-json\/wp\/v2\/comments?post=2139"}],"wp:featuredmedia":[{"embeddable":true,"href":"https:\/\/www.grupopublimagen.com\/en\/wp-json\/wp\/v2\/media\/2134"}],"wp:attachment":[{"href":"https:\/\/www.grupopublimagen.com\/en\/wp-json\/wp\/v2\/media?parent=2139"}],"wp:term":[{"taxonomy":"product_cat","embeddable":true,"href":"https:\/\/www.grupopublimagen.com\/en\/wp-json\/wp\/v2\/product_cat?post=2139"},{"taxonomy":"product_tag","embeddable":true,"href":"https:\/\/www.grupopublimagen.com\/en\/wp-json\/wp\/v2\/product_tag?post=2139"}],"curies":[{"name":"wp","href":"https:\/\/api.w.org\/{rel}","templated":true}]}}